{"id":9588,"date":"2022-11-29T15:46:47","date_gmt":"2022-11-29T15:46:47","guid":{"rendered":"https:\/\/kimchidelight.com\/?page_id=9588"},"modified":"2022-12-01T14:34:59","modified_gmt":"2022-12-01T14:34:59","slug":"emplois","status":"publish","type":"page","link":"https:\/\/kimchidelight.com\/fr\/emplois\/","title":{"rendered":"EMPLOIS"},"content":{"rendered":"\t\t<div data-elementor-type=\"wp-page\" data-elementor-id=\"9588\" class=\"elementor elementor-9588 elementor-5144\" data-elementor-post-type=\"page\">\n\t\t\t\t\t\t<section class=\"has_eae_slider has_ae_slider elementor-section elementor-top-section elementor-element elementor-element-5de6ed93 elementor-section-height-min-height elementor-section-boxed elementor-section-height-default elementor-section-items-middle ae-bg-gallery-type-default\" data-eae-slider=\"18482\" data-particle_enable=\"false\" data-particle-mobile-disabled=\"false\" data-id=\"5de6ed93\" data-element_type=\"section\" data-settings=\"{&quot;background_background&quot;:&quot;classic&quot;}\">\n\t\t\t\t\t\t\t<div class=\"elementor-background-overlay\"><\/div>\n\t\t\t\t\t\t\t<div class=\"elementor-container elementor-column-gap-default\">\n\t\t\t\t\t<div class=\"has_eae_slider has_ae_slider elementor-column elementor-col-100 elementor-top-column elementor-element elementor-element-73167bd4 ae-bg-gallery-type-default\" data-eae-slider=\"71992\" data-id=\"73167bd4\" data-element_type=\"column\">\n\t\t\t<div class=\"elementor-widget-wrap elementor-element-populated\">\n\t\t\t\t\t\t<div class=\"elementor-element elementor-element-592ce41 elementor-widget elementor-widget-spacer\" data-id=\"592ce41\" data-element_type=\"widget\" data-widget_type=\"spacer.default\">\n\t\t\t\t<div class=\"elementor-widget-container\">\n\t\t\t\t\t\t\t<div class=\"elementor-spacer\">\n\t\t\t<div class=\"elementor-spacer-inner\"><\/div>\n\t\t<\/div>\n\t\t\t\t\t\t<\/div>\n\t\t\t\t<\/div>\n\t\t\t\t<div class=\"elementor-element elementor-element-43918ee7 elementor-widget-divider--view-line elementor-widget elementor-widget-divider\" data-id=\"43918ee7\" data-element_type=\"widget\" data-widget_type=\"divider.default\">\n\t\t\t\t<div class=\"elementor-widget-container\">\n\t\t\t\t\t\t\t<div class=\"elementor-divider\">\n\t\t\t<span class=\"elementor-divider-separator\">\n\t\t\t\t\t\t<\/span>\n\t\t<\/div>\n\t\t\t\t\t\t<\/div>\n\t\t\t\t<\/div>\n\t\t\t\t<div class=\"elementor-element elementor-element-198836b4 elementor-widget elementor-widget-heading\" data-id=\"198836b4\" data-element_type=\"widget\" data-widget_type=\"heading.default\">\n\t\t\t\t<div class=\"elementor-widget-container\">\n\t\t\t\t\t<h1 class=\"elementor-heading-title elementor-size-large\">NOUS SOMMES TOUJOURS \u00c0<Br> LA RECHERCHE DE GENS ENTHOUSIASTES <\/h1>\t\t\t\t<\/div>\n\t\t\t\t<\/div>\n\t\t\t\t\t<\/div>\n\t\t<\/div>\n\t\t\t\t\t<\/div>\n\t\t<\/section>\n\t\t\t\t<section class=\"has_eae_slider has_ae_slider elementor-section elementor-top-section elementor-element elementor-element-df9b037 elementor-section-boxed elementor-section-height-default elementor-section-height-default ae-bg-gallery-type-default\" data-eae-slider=\"62265\" data-particle_enable=\"false\" data-particle-mobile-disabled=\"false\" data-id=\"df9b037\" data-element_type=\"section\" data-settings=\"{&quot;background_background&quot;:&quot;classic&quot;}\">\n\t\t\t\t\t\t<div class=\"elementor-container elementor-column-gap-default\">\n\t\t\t\t\t<div class=\"has_eae_slider has_ae_slider elementor-column elementor-col-100 elementor-top-column elementor-element elementor-element-7173591 ae-bg-gallery-type-default\" data-eae-slider=\"86353\" data-id=\"7173591\" data-element_type=\"column\" data-settings=\"{&quot;background_background&quot;:&quot;classic&quot;}\">\n\t\t\t<div class=\"elementor-widget-wrap elementor-element-populated\">\n\t\t\t\t\t\t<div class=\"elementor-element elementor-element-7c26ef84 elementor-widget elementor-widget-heading\" data-id=\"7c26ef84\" data-element_type=\"widget\" data-widget_type=\"heading.default\">\n\t\t\t\t<div class=\"elementor-widget-container\">\n\t\t\t\t\t<h1 class=\"elementor-heading-title elementor-size-default\">JOIGNEZ-VOUS \u00c0 NOTRE \u00c9QUIPE! <\/h1>\t\t\t\t<\/div>\n\t\t\t\t<\/div>\n\t\t\t\t\t<\/div>\n\t\t<\/div>\n\t\t\t\t\t<\/div>\n\t\t<\/section>\n\t\t\t\t<section class=\"has_eae_slider has_ae_slider elementor-section elementor-top-section elementor-element elementor-element-6a1545c elementor-section-boxed elementor-section-height-default elementor-section-height-default ae-bg-gallery-type-default\" data-eae-slider=\"50561\" data-particle_enable=\"false\" data-particle-mobile-disabled=\"false\" data-id=\"6a1545c\" data-element_type=\"section\">\n\t\t\t\t\t\t<div class=\"elementor-container elementor-column-gap-default\">\n\t\t\t\t\t<div class=\"has_eae_slider has_ae_slider elementor-column elementor-col-100 elementor-top-column elementor-element elementor-element-150c1a2 ae-bg-gallery-type-default\" data-eae-slider=\"52297\" data-id=\"150c1a2\" data-element_type=\"column\">\n\t\t\t<div class=\"elementor-widget-wrap elementor-element-populated\">\n\t\t\t\t\t\t<div class=\"elementor-element elementor-element-132fa9f elementor-widget elementor-widget-heading\" data-id=\"132fa9f\" data-element_type=\"widget\" data-widget_type=\"heading.default\">\n\t\t\t\t<div class=\"elementor-widget-container\">\n\t\t\t\t\t<h2 class=\"elementor-heading-title elementor-size-default\">\u00c9QUIPIERS KIMCHI <\/h2>\t\t\t\t<\/div>\n\t\t\t\t<\/div>\n\t\t\t\t<div class=\"elementor-element elementor-element-6dce3f6 elementor-widget elementor-widget-text-editor\" data-id=\"6dce3f6\" data-element_type=\"widget\" data-widget_type=\"text-editor.default\">\n\t\t\t\t<div class=\"elementor-widget-container\">\n\t\t\t\t\t\t\t\t\t<p><span class=\"TextRun SCXW131334743 BCX9\" lang=\"FR-CA\" xml:lang=\"FR-CA\" data-contrast=\"auto\"><span class=\"NormalTextRun SCXW131334743 BCX9\">\u00c0 titre d\u2019\u00e9quipier, <\/span><\/span><span class=\"TextRun SCXW131334743 BCX9\" lang=\"FR-CA\" xml:lang=\"FR-CA\" data-contrast=\"auto\"><span class=\"NormalTextRun SCXW131334743 BCX9\">les responsabilit\u00e9s suivantes pourrai<\/span><span class=\"NormalTextRun SCXW131334743 BCX9\">en<\/span><span class=\"NormalTextRun SCXW131334743 BCX9\">t vous \u00eatre <\/span><span class=\"NormalTextRun SCXW131334743 BCX9\">accord\u00e9es\u202f:\u00a0<\/span><\/span><span class=\"EOP SCXW131334743 BCX9\" data-ccp-props=\"{&quot;201341983&quot;:0,&quot;335559739&quot;:0,&quot;335559740&quot;:276}\">\u00a0<\/span><\/p><p><br \/><span class=\"TextRun SCXW21474459 BCX9\" lang=\"FR-CA\" xml:lang=\"FR-CA\" data-contrast=\"auto\"><span class=\"NormalTextRun SCXW21474459 BCX9\">Accueil des clients, prise des commandes, pr\u00e9paration de tous les plats au menu KIMCHI<\/span><span class=\"NormalTextRun SCXW21474459 BCX9\">, propret\u00e9 du restaurant<\/span><span class=\"NormalTextRun SCXW21474459 BCX9\">, inventaire des stocks alimentaires<\/span><span class=\"NormalTextRun SCXW21474459 BCX9\">, et plus encore! Une exp\u00e9rience <\/span><span class=\"NormalTextRun SCXW21474459 BCX9\">ant\u00e9rieure au sein d\u2019un restaurant et la capacit\u00e9 de parle<\/span><span class=\"NormalTextRun SCXW21474459 BCX9\">r<\/span><span class=\"NormalTextRun SCXW21474459 BCX9\"> cor\u00e9en<\/span> <span class=\"NormalTextRun SCXW21474459 BCX9\">constituent des<\/span><span class=\"NormalTextRun SCXW21474459 BCX9\"> atout<\/span><span class=\"NormalTextRun SCXW21474459 BCX9\">s.\u00a0<\/span><span class=\"NormalTextRun SCXW21474459 BCX9\">\u00a0<\/span><\/span><span class=\"EOP SCXW21474459 BCX9\" data-ccp-props=\"{&quot;201341983&quot;:0,&quot;335559739&quot;:0,&quot;335559740&quot;:276}\">\u00a0<\/span><\/p>\t\t\t\t\t\t\t\t<\/div>\n\t\t\t\t<\/div>\n\t\t\t\t<div class=\"elementor-element elementor-element-7dca132 elementor-widget elementor-widget-text-editor\" data-id=\"7dca132\" data-element_type=\"widget\" data-widget_type=\"text-editor.default\">\n\t\t\t\t<div class=\"elementor-widget-container\">\n\t\t\t\t\t\t\t\t\t<p><span style=\"text-decoration: underline;\"><strong><span class=\"TextRun Underlined SCXW159693984 BCX9\" lang=\"FR-CA\" xml:lang=\"FR-CA\" data-contrast=\"auto\"><span class=\"NormalTextRun SCXW159693984 BCX9\">Possibilit\u00e9s d\u2019emploi actuelles<\/span><\/span><span class=\"EOP SCXW159693984 BCX9\" data-ccp-props=\"{\">\u00a0<\/span><\/strong><\/span><\/p><p>KIMCHI Polo Park, Winnipeg<\/p><p>\u00c9QUIPIER<\/p>\t\t\t\t\t\t\t\t<\/div>\n\t\t\t\t<\/div>\n\t\t\t\t<div class=\"elementor-element elementor-element-4180621 elementor-align-center elementor-widget elementor-widget-button\" data-id=\"4180621\" data-element_type=\"widget\" data-widget_type=\"button.default\">\n\t\t\t\t<div class=\"elementor-widget-container\">\n\t\t\t\t\t\t\t\t\t<div class=\"elementor-button-wrapper\">\n\t\t\t\t\t<a class=\"elementor-button elementor-button-link elementor-size-sm\" href=\"mailto:infaith411@hotmail.com\">\n\t\t\t\t\t\t<span class=\"elementor-button-content-wrapper\">\n\t\t\t\t\t\t\t\t\t<span class=\"elementor-button-text\">APPLIQUER<\/span>\n\t\t\t\t\t<\/span>\n\t\t\t\t\t<\/a>\n\t\t\t\t<\/div>\n\t\t\t\t\t\t\t\t<\/div>\n\t\t\t\t<\/div>\n\t\t\t\t\t<\/div>\n\t\t<\/div>\n\t\t\t\t\t<\/div>\n\t\t<\/section>\n\t\t\t\t<\/div>\n\t\t","protected":false},"excerpt":{"rendered":"<p>NOUS SOMMES TOUJOURS \u00c0 LA RECHERCHE DE GENS ENTHOUSIASTES JOIGNEZ-VOUS \u00c0 NOTRE \u00c9QUIPE! \u00c9QUIPIERS KIMCHI \u00c0 titre d\u2019\u00e9quipier, les responsabilit\u00e9s suivantes pourraient vous \u00eatre accord\u00e9es\u202f:\u00a0\u00a0 Accueil des clients, prise des commandes, pr\u00e9paration de tous les plats au menu KIMCHI, propret\u00e9 du restaurant, inventaire des stocks alimentaires, et plus encore! Une exp\u00e9rience ant\u00e9rieure au sein d\u2019un [&hellip;]<\/p>\n","protected":false},"author":1,"featured_media":0,"parent":0,"menu_order":0,"comment_status":"closed","ping_status":"closed","template":"","meta":{"_acf_changed":false,"footnotes":""},"class_list":["post-9588","page","type-page","status-publish","hentry"],"acf":[],"_links":{"self":[{"href":"https:\/\/kimchidelight.com\/fr\/wp-json\/wp\/v2\/pages\/9588","targetHints":{"allow":["GET"]}}],"collection":[{"href":"https:\/\/kimchidelight.com\/fr\/wp-json\/wp\/v2\/pages"}],"about":[{"href":"https:\/\/kimchidelight.com\/fr\/wp-json\/wp\/v2\/types\/page"}],"author":[{"embeddable":true,"href":"https:\/\/kimchidelight.com\/fr\/wp-json\/wp\/v2\/users\/1"}],"replies":[{"embeddable":true,"href":"https:\/\/kimchidelight.com\/fr\/wp-json\/wp\/v2\/comments?post=9588"}],"version-history":[{"count":0,"href":"https:\/\/kimchidelight.com\/fr\/wp-json\/wp\/v2\/pages\/9588\/revisions"}],"wp:attachment":[{"href":"https:\/\/kimchidelight.com\/fr\/wp-json\/wp\/v2\/media?parent=9588"}],"curies":[{"name":"wp","href":"https:\/\/api.w.org\/{rel}","templated":true}]}}