{"id":8366,"date":"2022-11-25T19:07:34","date_gmt":"2022-11-25T19:07:34","guid":{"rendered":"https:\/\/kimchidelight.com\/nos-aliments\/"},"modified":"2022-11-30T22:12:47","modified_gmt":"2022-11-30T22:12:47","slug":"nos-aliments","status":"publish","type":"page","link":"https:\/\/kimchidelight.com\/fr\/nos-aliments\/","title":{"rendered":"NOS ALIMENTS"},"content":{"rendered":"\t\t<div data-elementor-type=\"wp-page\" data-elementor-id=\"8366\" class=\"elementor elementor-8366 elementor-2514\" data-elementor-post-type=\"page\">\n\t\t\t\t\t\t<section class=\"has_eae_slider has_ae_slider elementor-section elementor-top-section elementor-element elementor-element-415458c elementor-section-full_width elementor-section-height-min-height elementor-section-height-default elementor-section-items-middle ae-bg-gallery-type-default\" data-eae-slider=\"65567\" data-particle_enable=\"false\" data-particle-mobile-disabled=\"false\" data-id=\"415458c\" data-element_type=\"section\" data-settings=\"{&quot;background_background&quot;:&quot;classic&quot;}\">\n\t\t\t\t\t\t<div class=\"elementor-container elementor-column-gap-default\">\n\t\t\t\t\t<div class=\"has_eae_slider has_ae_slider elementor-column elementor-col-100 elementor-top-column elementor-element elementor-element-cb25df9 ae-bg-gallery-type-default\" data-eae-slider=\"63397\" data-id=\"cb25df9\" data-element_type=\"column\">\n\t\t\t<div class=\"elementor-widget-wrap elementor-element-populated\">\n\t\t\t\t\t\t<div class=\"elementor-element elementor-element-810851d animated-slow elementor-invisible elementor-widget elementor-widget-heading\" data-id=\"810851d\" data-element_type=\"widget\" data-settings=\"{&quot;_animation&quot;:&quot;fadeIn&quot;}\" data-widget_type=\"heading.default\">\n\t\t\t\t<div class=\"elementor-widget-container\">\n\t\t\t\t\t<h1 class=\"elementor-heading-title elementor-size-default\">CUISINE COR\u00c9ENNE TRADITIONNELLE<\/h1>\t\t\t\t<\/div>\n\t\t\t\t<\/div>\n\t\t\t\t<div class=\"elementor-element elementor-element-a02d8e6 animated-slow elementor-invisible elementor-widget elementor-widget-text-editor\" data-id=\"a02d8e6\" data-element_type=\"widget\" data-settings=\"{&quot;_animation&quot;:&quot;fadeIn&quot;}\" data-widget_type=\"text-editor.default\">\n\t\t\t\t<div class=\"elementor-widget-container\">\n\t\t\t\t\t\t\t\t\tInspir\u00e9 par les saveurs de la Cor\u00e9e, notre menu d\u00e9borde de succulents plats traditionnels tant appr\u00e9ci\u00e9s par nos clients. De nos fabuleux plats kalbi barbecue \u00e0 nos savoureux saut\u00e9s, sans oublier l\u2019incontournable bibimbap, KIMCHI propose des plats sant\u00e9 et \u00e9quilibr\u00e9s, tout en vous permettant de choisir le niveau d\u2019\u00e9pices qui correspond \u00e0 vos go\u00fbts.\t\t\t\t\t\t\t\t<\/div>\n\t\t\t\t<\/div>\n\t\t\t\t<div class=\"elementor-element elementor-element-d0ff3a9 animated-slow elementor-invisible elementor-widget elementor-widget-text-editor\" data-id=\"d0ff3a9\" data-element_type=\"widget\" data-settings=\"{&quot;_animation&quot;:&quot;fadeIn&quot;}\" data-widget_type=\"text-editor.default\">\n\t\t\t\t<div class=\"elementor-widget-container\">\n\t\t\t\t\t\t\t\t\tNotre concept de cuisine \u00e0 aire ouverte offre aux clients une place aux premi\u00e8res loges alors que notre chef pr\u00e9pare leurs repas, sur demande.\t\t\t\t\t\t\t\t<\/div>\n\t\t\t\t<\/div>\n\t\t\t\t<section class=\"has_eae_slider has_ae_slider elementor-section elementor-inner-section elementor-element elementor-element-db6d945 elementor-section-boxed elementor-section-height-default elementor-section-height-default ae-bg-gallery-type-default elementor-invisible\" data-eae-slider=\"46458\" data-particle_enable=\"false\" data-particle-mobile-disabled=\"false\" data-id=\"db6d945\" data-element_type=\"section\" data-settings=\"{&quot;animation&quot;:&quot;fadeInDown&quot;}\">\n\t\t\t\t\t\t<div class=\"elementor-container elementor-column-gap-default\">\n\t\t\t\t\t<div class=\"has_eae_slider has_ae_slider elementor-column elementor-col-50 elementor-inner-column elementor-element elementor-element-4f59137 ae-bg-gallery-type-default\" data-eae-slider=\"48202\" data-id=\"4f59137\" data-element_type=\"column\">\n\t\t\t<div class=\"elementor-widget-wrap elementor-element-populated\">\n\t\t\t\t\t\t<div class=\"elementor-element elementor-element-bbb8495 menu-image elementor-widget elementor-widget-image\" data-id=\"bbb8495\" data-element_type=\"widget\" data-widget_type=\"image.default\">\n\t\t\t\t<div class=\"elementor-widget-container\">\n\t\t\t\t\t\t\t\t\t\t\t\t<figure class=\"wp-caption\">\n\t\t\t\t\t\t\t\t\t\t\t<a href=\"https:\/\/kimchidelight.com\/fr\/barbecue-coreen\/\">\n\t\t\t\t\t\t\t<img fetchpriority=\"high\" decoding=\"async\" width=\"2048\" height=\"1191\" src=\"https:\/\/kimchidelight.com\/wp-content\/uploads\/2022\/08\/mix-beef-and-chicken_EXT-1-2048x1191.jpg\" class=\"attachment-2048x2048 size-2048x2048 wp-image-2663\" alt=\"bbq chicken korean\" srcset=\"https:\/\/kimchidelight.com\/wp-content\/uploads\/2022\/08\/mix-beef-and-chicken_EXT-1-2048x1191.jpg 2048w, https:\/\/kimchidelight.com\/wp-content\/uploads\/2022\/08\/mix-beef-and-chicken_EXT-1-300x174.jpg 300w, https:\/\/kimchidelight.com\/wp-content\/uploads\/2022\/08\/mix-beef-and-chicken_EXT-1-1024x596.jpg 1024w, https:\/\/kimchidelight.com\/wp-content\/uploads\/2022\/08\/mix-beef-and-chicken_EXT-1-768x447.jpg 768w, https:\/\/kimchidelight.com\/wp-content\/uploads\/2022\/08\/mix-beef-and-chicken_EXT-1-1536x893.jpg 1536w\" sizes=\"(max-width: 2048px) 100vw, 2048px\" \/>\t\t\t\t\t\t\t\t<\/a>\n\t\t\t\t\t\t\t\t\t\t\t<figcaption class=\"widget-image-caption wp-caption-text\"><\/figcaption>\n\t\t\t\t\t\t\t\t\t\t<\/figure>\n\t\t\t\t\t\t\t\t\t<\/div>\n\t\t\t\t<\/div>\n\t\t\t\t<div class=\"elementor-element elementor-element-fc12a39 elementor-widget elementor-widget-heading\" data-id=\"fc12a39\" data-element_type=\"widget\" data-widget_type=\"heading.default\">\n\t\t\t\t<div class=\"elementor-widget-container\">\n\t\t\t\t\t<h4 class=\"elementor-heading-title elementor-size-default\">BARBECUE COR\u00c9EN<\/h4>\t\t\t\t<\/div>\n\t\t\t\t<\/div>\n\t\t\t\t\t<\/div>\n\t\t<\/div>\n\t\t\t\t<div class=\"has_eae_slider has_ae_slider elementor-column elementor-col-50 elementor-inner-column elementor-element elementor-element-f657625 ae-bg-gallery-type-default\" data-eae-slider=\"10603\" data-id=\"f657625\" data-element_type=\"column\">\n\t\t\t<div class=\"elementor-widget-wrap elementor-element-populated\">\n\t\t\t\t\t\t<div class=\"elementor-element elementor-element-0b80683 menu-image elementor-widget elementor-widget-image\" data-id=\"0b80683\" data-element_type=\"widget\" data-widget_type=\"image.default\">\n\t\t\t\t<div class=\"elementor-widget-container\">\n\t\t\t\t\t\t\t\t\t\t\t\t<figure class=\"wp-caption\">\n\t\t\t\t\t\t\t\t\t\t\t<a href=\"https:\/\/kimchidelight.com\/fr\/nos-aliments\/sautes\/\">\n\t\t\t\t\t\t\t<img decoding=\"async\" width=\"1536\" height=\"862\" src=\"https:\/\/kimchidelight.com\/wp-content\/uploads\/2022\/08\/STIRFRY-PICTURE-1536x862.jpg\" class=\"attachment-1536x1536 size-1536x1536 wp-image-2702\" alt=\"picture of stir fry noodles and chopsticks\" srcset=\"https:\/\/kimchidelight.com\/wp-content\/uploads\/2022\/08\/STIRFRY-PICTURE-1536x862.jpg 1536w, https:\/\/kimchidelight.com\/wp-content\/uploads\/2022\/08\/STIRFRY-PICTURE-300x168.jpg 300w, https:\/\/kimchidelight.com\/wp-content\/uploads\/2022\/08\/STIRFRY-PICTURE-1024x574.jpg 1024w, https:\/\/kimchidelight.com\/wp-content\/uploads\/2022\/08\/STIRFRY-PICTURE-768x431.jpg 768w, https:\/\/kimchidelight.com\/wp-content\/uploads\/2022\/08\/STIRFRY-PICTURE-2048x1149.jpg 2048w\" sizes=\"(max-width: 1536px) 100vw, 1536px\" \/>\t\t\t\t\t\t\t\t<\/a>\n\t\t\t\t\t\t\t\t\t\t\t<figcaption class=\"widget-image-caption wp-caption-text\"><\/figcaption>\n\t\t\t\t\t\t\t\t\t\t<\/figure>\n\t\t\t\t\t\t\t\t\t<\/div>\n\t\t\t\t<\/div>\n\t\t\t\t<div class=\"elementor-element elementor-element-ea9e5a2 elementor-widget elementor-widget-heading\" data-id=\"ea9e5a2\" data-element_type=\"widget\" data-widget_type=\"heading.default\">\n\t\t\t\t<div class=\"elementor-widget-container\">\n\t\t\t\t\t<h4 class=\"elementor-heading-title elementor-size-default\">SAUT\u00c9S<\/h4>\t\t\t\t<\/div>\n\t\t\t\t<\/div>\n\t\t\t\t\t<\/div>\n\t\t<\/div>\n\t\t\t\t\t<\/div>\n\t\t<\/section>\n\t\t\t\t<section class=\"has_eae_slider has_ae_slider elementor-section elementor-inner-section elementor-element elementor-element-5835ddd elementor-section-boxed elementor-section-height-default elementor-section-height-default ae-bg-gallery-type-default elementor-invisible\" data-eae-slider=\"61094\" data-particle_enable=\"false\" data-particle-mobile-disabled=\"false\" data-id=\"5835ddd\" data-element_type=\"section\" data-settings=\"{&quot;animation&quot;:&quot;fadeInUp&quot;}\">\n\t\t\t\t\t\t<div class=\"elementor-container elementor-column-gap-default\">\n\t\t\t\t\t<div class=\"has_eae_slider has_ae_slider elementor-column elementor-col-50 elementor-inner-column elementor-element elementor-element-1fed5a6 ae-bg-gallery-type-default\" data-eae-slider=\"63445\" data-id=\"1fed5a6\" data-element_type=\"column\">\n\t\t\t<div class=\"elementor-widget-wrap elementor-element-populated\">\n\t\t\t\t\t\t<div class=\"elementor-element elementor-element-ffaa530 menu-image elementor-hidden-mobile elementor-widget elementor-widget-image\" data-id=\"ffaa530\" data-element_type=\"widget\" data-widget_type=\"image.default\">\n\t\t\t\t<div class=\"elementor-widget-container\">\n\t\t\t\t\t\t\t\t\t\t\t\t<figure class=\"wp-caption\">\n\t\t\t\t\t\t\t\t\t\t\t<a href=\"https:\/\/kimchidelight.com\/fr\/nos-aliments\/traditionnellement-coreen\/\">\n\t\t\t\t\t\t\t<img decoding=\"async\" width=\"1074\" height=\"573\" src=\"https:\/\/kimchidelight.com\/wp-content\/uploads\/2022\/09\/MicrosoftTeams-image-14.jpg\" class=\"attachment-1536x1536 size-1536x1536 wp-image-5308\" alt=\"Bibimbap\" srcset=\"https:\/\/kimchidelight.com\/wp-content\/uploads\/2022\/09\/MicrosoftTeams-image-14.jpg 1074w, https:\/\/kimchidelight.com\/wp-content\/uploads\/2022\/09\/MicrosoftTeams-image-14-300x160.jpg 300w, https:\/\/kimchidelight.com\/wp-content\/uploads\/2022\/09\/MicrosoftTeams-image-14-1024x546.jpg 1024w, https:\/\/kimchidelight.com\/wp-content\/uploads\/2022\/09\/MicrosoftTeams-image-14-768x410.jpg 768w\" sizes=\"(max-width: 1074px) 100vw, 1074px\" \/>\t\t\t\t\t\t\t\t<\/a>\n\t\t\t\t\t\t\t\t\t\t\t<figcaption class=\"widget-image-caption wp-caption-text\"><\/figcaption>\n\t\t\t\t\t\t\t\t\t\t<\/figure>\n\t\t\t\t\t\t\t\t\t<\/div>\n\t\t\t\t<\/div>\n\t\t\t\t<div class=\"elementor-element elementor-element-1edb753 menu-image elementor-hidden-desktop elementor-hidden-tablet elementor-widget elementor-widget-image\" data-id=\"1edb753\" data-element_type=\"widget\" data-widget_type=\"image.default\">\n\t\t\t\t<div class=\"elementor-widget-container\">\n\t\t\t\t\t\t\t\t\t\t\t\t<figure class=\"wp-caption\">\n\t\t\t\t\t\t\t\t\t\t\t<a href=\"https:\/\/kimchidelight.com\/fr\/nos-aliments\/traditionnellement-coreen\/\">\n\t\t\t\t\t\t\t<img loading=\"lazy\" decoding=\"async\" width=\"1536\" height=\"1239\" src=\"https:\/\/kimchidelight.com\/wp-content\/uploads\/2022\/09\/MicrosoftTeams-image-3-1536x1239.jpg\" class=\"attachment-1536x1536 size-1536x1536 wp-image-6905\" alt=\"rice\" srcset=\"https:\/\/kimchidelight.com\/wp-content\/uploads\/2022\/09\/MicrosoftTeams-image-3-1536x1239.jpg 1536w, https:\/\/kimchidelight.com\/wp-content\/uploads\/2022\/09\/MicrosoftTeams-image-3-300x242.jpg 300w, https:\/\/kimchidelight.com\/wp-content\/uploads\/2022\/09\/MicrosoftTeams-image-3-1024x826.jpg 1024w, https:\/\/kimchidelight.com\/wp-content\/uploads\/2022\/09\/MicrosoftTeams-image-3-768x619.jpg 768w, https:\/\/kimchidelight.com\/wp-content\/uploads\/2022\/09\/MicrosoftTeams-image-3-2048x1652.jpg 2048w\" sizes=\"(max-width: 1536px) 100vw, 1536px\" \/>\t\t\t\t\t\t\t\t<\/a>\n\t\t\t\t\t\t\t\t\t\t\t<figcaption class=\"widget-image-caption wp-caption-text\"><\/figcaption>\n\t\t\t\t\t\t\t\t\t\t<\/figure>\n\t\t\t\t\t\t\t\t\t<\/div>\n\t\t\t\t<\/div>\n\t\t\t\t<div class=\"elementor-element elementor-element-8998042 elementor-widget elementor-widget-heading\" data-id=\"8998042\" data-element_type=\"widget\" data-widget_type=\"heading.default\">\n\t\t\t\t<div class=\"elementor-widget-container\">\n\t\t\t\t\t<h4 class=\"elementor-heading-title elementor-size-default\">TRADITIONNELLEMENT COR\u00c9EN<\/h4>\t\t\t\t<\/div>\n\t\t\t\t<\/div>\n\t\t\t\t\t<\/div>\n\t\t<\/div>\n\t\t\t\t<div class=\"has_eae_slider has_ae_slider elementor-column elementor-col-50 elementor-inner-column elementor-element elementor-element-02d024e ae-bg-gallery-type-default\" data-eae-slider=\"57005\" data-id=\"02d024e\" data-element_type=\"column\">\n\t\t\t<div class=\"elementor-widget-wrap elementor-element-populated\">\n\t\t\t\t\t\t<div class=\"elementor-element elementor-element-1c4b6f2 menu-image elementor-widget elementor-widget-image\" data-id=\"1c4b6f2\" data-element_type=\"widget\" data-widget_type=\"image.default\">\n\t\t\t\t<div class=\"elementor-widget-container\">\n\t\t\t\t\t\t\t\t\t\t\t\t<figure class=\"wp-caption\">\n\t\t\t\t\t\t\t\t\t\t\t<a href=\"https:\/\/kimchidelight.com\/fr\/soupes\/\">\n\t\t\t\t\t\t\t<img loading=\"lazy\" decoding=\"async\" width=\"1074\" height=\"569\" src=\"https:\/\/kimchidelight.com\/wp-content\/uploads\/2022\/09\/SOUPS.jpg\" class=\"attachment-full size-full wp-image-6468\" alt=\"SOUPS\" srcset=\"https:\/\/kimchidelight.com\/wp-content\/uploads\/2022\/09\/SOUPS.jpg 1074w, https:\/\/kimchidelight.com\/wp-content\/uploads\/2022\/09\/SOUPS-300x159.jpg 300w, https:\/\/kimchidelight.com\/wp-content\/uploads\/2022\/09\/SOUPS-1024x543.jpg 1024w, https:\/\/kimchidelight.com\/wp-content\/uploads\/2022\/09\/SOUPS-768x407.jpg 768w\" sizes=\"(max-width: 1074px) 100vw, 1074px\" \/>\t\t\t\t\t\t\t\t<\/a>\n\t\t\t\t\t\t\t\t\t\t\t<figcaption class=\"widget-image-caption wp-caption-text\"><\/figcaption>\n\t\t\t\t\t\t\t\t\t\t<\/figure>\n\t\t\t\t\t\t\t\t\t<\/div>\n\t\t\t\t<\/div>\n\t\t\t\t<div class=\"elementor-element elementor-element-5eca088 elementor-widget elementor-widget-heading\" data-id=\"5eca088\" data-element_type=\"widget\" data-widget_type=\"heading.default\">\n\t\t\t\t<div class=\"elementor-widget-container\">\n\t\t\t\t\t<h4 class=\"elementor-heading-title elementor-size-default\">SOUPES<\/h4>\t\t\t\t<\/div>\n\t\t\t\t<\/div>\n\t\t\t\t\t<\/div>\n\t\t<\/div>\n\t\t\t\t\t<\/div>\n\t\t<\/section>\n\t\t\t\t\t<\/div>\n\t\t<\/div>\n\t\t\t\t\t<\/div>\n\t\t<\/section>\n\t\t\t\t<\/div>\n\t\t","protected":false},"excerpt":{"rendered":"<p>CUISINE COR\u00c9ENNE TRADITIONNELLE Inspir\u00e9 par les saveurs de la Cor\u00e9e, notre menu d\u00e9borde de succulents plats traditionnels tant appr\u00e9ci\u00e9s par nos clients. De nos fabuleux plats kalbi barbecue \u00e0 nos savoureux saut\u00e9s, sans oublier l\u2019incontournable bibimbap, KIMCHI propose des plats sant\u00e9 et \u00e9quilibr\u00e9s, tout en vous permettant de choisir le niveau d\u2019\u00e9pices qui correspond \u00e0 [&hellip;]<\/p>\n","protected":false},"author":1,"featured_media":0,"parent":0,"menu_order":0,"comment_status":"closed","ping_status":"closed","template":"","meta":{"_acf_changed":false,"footnotes":""},"class_list":["post-8366","page","type-page","status-publish","hentry"],"acf":[],"_links":{"self":[{"href":"https:\/\/kimchidelight.com\/fr\/wp-json\/wp\/v2\/pages\/8366","targetHints":{"allow":["GET"]}}],"collection":[{"href":"https:\/\/kimchidelight.com\/fr\/wp-json\/wp\/v2\/pages"}],"about":[{"href":"https:\/\/kimchidelight.com\/fr\/wp-json\/wp\/v2\/types\/page"}],"author":[{"embeddable":true,"href":"https:\/\/kimchidelight.com\/fr\/wp-json\/wp\/v2\/users\/1"}],"replies":[{"embeddable":true,"href":"https:\/\/kimchidelight.com\/fr\/wp-json\/wp\/v2\/comments?post=8366"}],"version-history":[{"count":0,"href":"https:\/\/kimchidelight.com\/fr\/wp-json\/wp\/v2\/pages\/8366\/revisions"}],"wp:attachment":[{"href":"https:\/\/kimchidelight.com\/fr\/wp-json\/wp\/v2\/media?parent=8366"}],"curies":[{"name":"wp","href":"https:\/\/api.w.org\/{rel}","templated":true}]}}