{"id":8348,"date":"2022-11-25T03:03:31","date_gmt":"2022-11-25T03:03:31","guid":{"rendered":"https:\/\/kimchidelight.com\/franchise\/"},"modified":"2024-07-22T15:54:35","modified_gmt":"2024-07-22T15:54:35","slug":"franchise","status":"publish","type":"page","link":"https:\/\/kimchidelight.com\/fr\/franchise\/","title":{"rendered":"FRANCHISE"},"content":{"rendered":"\t\t<div data-elementor-type=\"wp-page\" data-elementor-id=\"8348\" class=\"elementor elementor-8348 elementor-3407\" data-elementor-post-type=\"page\">\n\t\t\t\t\t\t<section class=\"has_eae_slider has_ae_slider elementor-section elementor-top-section elementor-element elementor-element-30d13b6a elementor-section-full_width elementor-section-height-min-height animated-slow elementor-section-height-default elementor-section-items-middle ae-bg-gallery-type-default elementor-invisible\" data-eae-slider=\"83873\" data-particle_enable=\"false\" data-particle-mobile-disabled=\"false\" data-id=\"30d13b6a\" data-element_type=\"section\" data-settings=\"{&quot;background_background&quot;:&quot;classic&quot;,&quot;animation&quot;:&quot;fadeInDown&quot;}\">\n\t\t\t\t\t\t<div class=\"elementor-container elementor-column-gap-default\">\n\t\t\t\t\t<div class=\"has_eae_slider has_ae_slider elementor-column elementor-col-100 elementor-top-column elementor-element elementor-element-6d557626 ae-bg-gallery-type-default\" data-eae-slider=\"2671\" data-id=\"6d557626\" data-element_type=\"column\">\n\t\t\t<div class=\"elementor-widget-wrap elementor-element-populated\">\n\t\t\t\t\t\t<div class=\"elementor-element elementor-element-43359fea elementor-widget elementor-widget-heading\" data-id=\"43359fea\" data-element_type=\"widget\" data-widget_type=\"heading.default\">\n\t\t\t\t<div class=\"elementor-widget-container\">\n\t\t\t\t\t<h1 class=\"elementor-heading-title elementor-size-default\">FRANCHISE<\/h1>\t\t\t\t<\/div>\n\t\t\t\t<\/div>\n\t\t\t\t<div class=\"elementor-element elementor-element-5f94f92c elementor-widget elementor-widget-text-editor\" data-id=\"5f94f92c\" data-element_type=\"widget\" data-widget_type=\"text-editor.default\">\n\t\t\t\t<div class=\"elementor-widget-container\">\n\t\t\t\t\t\t\t\t\t<p>EXCELLENCE. D\u00c9VOUEMENT. INNOVATION.<\/p>\n\t\t\t\t\t\t\t\t<\/div>\n\t\t\t\t<\/div>\n\t\t\t\t<div class=\"elementor-element elementor-element-2138886 elementor-widget elementor-widget-text-editor\" data-id=\"2138886\" data-element_type=\"widget\" data-widget_type=\"text-editor.default\">\n\t\t\t\t<div class=\"elementor-widget-container\">\n\t\t\t\t\t\t\t\t\tCes trois principes ont permis au Groupe d\u2019alimentation MTY Inc. de devenir l\u2019un des plus importants franchiseurs de l\u2019industrie de la restauration au Canada. <br> Depuis plus de 35 ans, la pr\u00e9sence du Groupe MTY s\u2019est accrue gr\u00e2ce \u00e0 de nouveaux concepts de restauration rapide et au <br>\nmaintien de son leadership par le biais d\u2019acquisitions, d\u2019alliances strat\u00e9giques et d\u2019expansion \u00e0 l\u2019\u00e9chelle internationale.\t\t\t\t\t\t\t\t<\/div>\n\t\t\t\t<\/div>\n\t\t\t\t<div class=\"elementor-element elementor-element-9efbeb5 elementor-widget elementor-widget-text-editor\" data-id=\"9efbeb5\" data-element_type=\"widget\" data-widget_type=\"text-editor.default\">\n\t\t\t\t<div class=\"elementor-widget-container\">\n\t\t\t\t\t\t\t\t\tEn unissant les nouvelles tendances \u00e0 leur savoir-faire op\u00e9rationnel, les marques du Groupe MTY touchent la vie de millions de personnes sur une base annuelle.<br>\nLa strat\u00e9gie multimarques a permis au Groupe MTY de devenir un leader dans cette cat\u00e9gorie. MTY est en mesure de satisfaire <br> les go\u00fbts et les besoins des consommateurs chaque jour gr\u00e2ce \u00e0 sa vaste gamme de solutions en mati\u00e8re de restauration rapide,\naux<br> 40+ banni\u00e8res et \u00e0 plus de 7 000 restaurants \u00e0 la grandeur de la plan\u00e8te.\t\t\t\t\t\t\t\t<\/div>\n\t\t\t\t<\/div>\n\t\t\t\t<section class=\"has_eae_slider has_ae_slider elementor-section elementor-inner-section elementor-element elementor-element-69070b1a elementor-section-boxed elementor-section-height-default elementor-section-height-default ae-bg-gallery-type-default\" data-eae-slider=\"18009\" data-particle_enable=\"false\" data-particle-mobile-disabled=\"false\" data-id=\"69070b1a\" data-element_type=\"section\">\n\t\t\t\t\t\t<div class=\"elementor-container elementor-column-gap-default\">\n\t\t\t\t\t<div class=\"has_eae_slider has_ae_slider elementor-column elementor-col-100 elementor-inner-column elementor-element elementor-element-5b9c2bf8 ae-bg-gallery-type-default\" data-eae-slider=\"56389\" data-id=\"5b9c2bf8\" data-element_type=\"column\">\n\t\t\t<div class=\"elementor-widget-wrap elementor-element-populated\">\n\t\t\t\t\t\t<div class=\"elementor-element elementor-element-d889b70 animated-slow elementor-invisible elementor-widget elementor-widget-text-editor\" data-id=\"d889b70\" data-element_type=\"widget\" data-settings=\"{&quot;_animation&quot;:&quot;fadeInUp&quot;}\" data-widget_type=\"text-editor.default\">\n\t\t\t\t<div class=\"elementor-widget-container\">\n\t\t\t\t\t\t\t\t\t<p>Alors que la popularit\u00e9 de la d\u00e9licieuse cuisine sant\u00e9 cor\u00e9enne continue de prendre de l\u2019ampleur \u00e0 l\u2019\u00e9chelle plan\u00e9taire, il en est de m\u00eame pour les occasions de d\u00e9veloppement de la marque KIMCHI.<\/p>\n<p>Si vous souhaitez devenir un partenaire franchis\u00e9, veuillez&nbsp;acheminez un courriel \u00e0 <a href=\"mailto:jeff.roop@mtygroup.com\">jeff.roop@mtygroup.com<\/a> pour obtenir de plus amples renseignements.<\/p>\t\t\t\t\t\t\t\t<\/div>\n\t\t\t\t<\/div>\n\t\t\t\t<div class=\"elementor-element elementor-element-e3634f9 elementor-align-center elementor-widget elementor-widget-button\" data-id=\"e3634f9\" data-element_type=\"widget\" data-widget_type=\"button.default\">\n\t\t\t\t<div class=\"elementor-widget-container\">\n\t\t\t\t\t\t\t\t\t<div class=\"elementor-button-wrapper\">\n\t\t\t\t\t<a class=\"elementor-button elementor-button-link elementor-size-sm\" href=\"https:\/\/mtyfranchising.com\/fr\/kimchi-korean-delight-franchise\/\">\n\t\t\t\t\t\t<span class=\"elementor-button-content-wrapper\">\n\t\t\t\t\t\t\t\t\t<span class=\"elementor-button-text\">RENSEIGNEZ-VOUS D\u00c8S MAINTENANT<\/span>\n\t\t\t\t\t<\/span>\n\t\t\t\t\t<\/a>\n\t\t\t\t<\/div>\n\t\t\t\t\t\t\t\t<\/div>\n\t\t\t\t<\/div>\n\t\t\t\t<div class=\"elementor-element elementor-element-4e877c6 elementor-widget elementor-widget-image\" data-id=\"4e877c6\" data-element_type=\"widget\" data-widget_type=\"image.default\">\n\t\t\t\t<div class=\"elementor-widget-container\">\n\t\t\t\t\t\t\t\t\t\t\t\t\t\t\t<img fetchpriority=\"high\" decoding=\"async\" width=\"768\" height=\"576\" src=\"https:\/\/kimchidelight.com\/wp-content\/uploads\/2022\/10\/Image-768x576.jpeg\" class=\"attachment-medium_large size-medium_large wp-image-7412\" alt=\"sotre front\" srcset=\"https:\/\/kimchidelight.com\/wp-content\/uploads\/2022\/10\/Image-768x576.jpeg 768w, https:\/\/kimchidelight.com\/wp-content\/uploads\/2022\/10\/Image-300x225.jpeg 300w, https:\/\/kimchidelight.com\/wp-content\/uploads\/2022\/10\/Image-1024x769.jpeg 1024w, https:\/\/kimchidelight.com\/wp-content\/uploads\/2022\/10\/Image-1536x1153.jpeg 1536w, https:\/\/kimchidelight.com\/wp-content\/uploads\/2022\/10\/Image.jpeg 2000w\" sizes=\"(max-width: 768px) 100vw, 768px\" \/>\t\t\t\t\t\t\t\t\t\t\t\t\t\t\t<\/div>\n\t\t\t\t<\/div>\n\t\t\t\t\t<\/div>\n\t\t<\/div>\n\t\t\t\t\t<\/div>\n\t\t<\/section>\n\t\t\t\t\t<\/div>\n\t\t<\/div>\n\t\t\t\t\t<\/div>\n\t\t<\/section>\n\t\t\t\t<\/div>\n\t\t","protected":false},"excerpt":{"rendered":"<p>FRANCHISE EXCELLENCE. D\u00c9VOUEMENT. INNOVATION. Ces trois principes ont permis au Groupe d\u2019alimentation MTY Inc. de devenir l\u2019un des plus importants franchiseurs de l\u2019industrie de la restauration au Canada. Depuis plus de 35 ans, la pr\u00e9sence du Groupe MTY s\u2019est accrue gr\u00e2ce \u00e0 de nouveaux concepts de restauration rapide et au maintien de son leadership par [&hellip;]<\/p>\n","protected":false},"author":1,"featured_media":0,"parent":0,"menu_order":0,"comment_status":"closed","ping_status":"closed","template":"","meta":{"_acf_changed":false,"footnotes":""},"class_list":["post-8348","page","type-page","status-publish","hentry"],"acf":[],"_links":{"self":[{"href":"https:\/\/kimchidelight.com\/fr\/wp-json\/wp\/v2\/pages\/8348","targetHints":{"allow":["GET"]}}],"collection":[{"href":"https:\/\/kimchidelight.com\/fr\/wp-json\/wp\/v2\/pages"}],"about":[{"href":"https:\/\/kimchidelight.com\/fr\/wp-json\/wp\/v2\/types\/page"}],"author":[{"embeddable":true,"href":"https:\/\/kimchidelight.com\/fr\/wp-json\/wp\/v2\/users\/1"}],"replies":[{"embeddable":true,"href":"https:\/\/kimchidelight.com\/fr\/wp-json\/wp\/v2\/comments?post=8348"}],"version-history":[{"count":0,"href":"https:\/\/kimchidelight.com\/fr\/wp-json\/wp\/v2\/pages\/8348\/revisions"}],"wp:attachment":[{"href":"https:\/\/kimchidelight.com\/fr\/wp-json\/wp\/v2\/media?parent=8348"}],"curies":[{"name":"wp","href":"https:\/\/api.w.org\/{rel}","templated":true}]}}