{"id":6418,"date":"2022-09-19T13:41:28","date_gmt":"2022-09-19T13:41:28","guid":{"rendered":"https:\/\/kimchidelight.com\/?page_id=6418"},"modified":"2022-09-19T13:42:32","modified_gmt":"2022-09-19T13:42:32","slug":"coming-soon-fr","status":"publish","type":"page","link":"https:\/\/kimchidelight.com\/fr\/coming-soon-fr\/","title":{"rendered":"Coming soon FR"},"content":{"rendered":"\t\t<div data-elementor-type=\"wp-page\" data-elementor-id=\"6418\" class=\"elementor elementor-6418 elementor-1306\" data-elementor-post-type=\"page\">\n\t\t\t\t\t\t<section class=\"has_eae_slider has_ae_slider elementor-section elementor-top-section elementor-element elementor-element-1cf52117 elementor-section-full_width elementor-section-height-min-height elementor-section-items-bottom elementor-section-content-middle elementor-section-height-default ae-bg-gallery-type-default\" data-eae-slider=\"49152\" data-particle_enable=\"false\" data-particle-mobile-disabled=\"false\" data-id=\"1cf52117\" data-element_type=\"section\">\n\t\t\t\t\t\t<div class=\"elementor-container elementor-column-gap-no\">\n\t\t\t\t\t<div class=\"has_eae_slider has_ae_slider elementor-column elementor-col-100 elementor-top-column elementor-element elementor-element-31cd9652 ae-bg-gallery-type-default\" data-eae-slider=\"80530\" data-id=\"31cd9652\" data-element_type=\"column\">\n\t\t\t<div class=\"elementor-widget-wrap elementor-element-populated\">\n\t\t\t\t\t\t<div class=\"elementor-element elementor-element-551b5b4d elementor-widget__width-auto elementor-widget elementor-widget-image\" data-id=\"551b5b4d\" data-element_type=\"widget\" data-widget_type=\"image.default\">\n\t\t\t\t<div class=\"elementor-widget-container\">\n\t\t\t\t\t\t\t\t\t\t\t\t\t\t\t<img fetchpriority=\"high\" decoding=\"async\" width=\"350\" height=\"318\" src=\"https:\/\/kimchidelight.com\/wp-content\/uploads\/2022\/07\/KIMCHI_NEW-LOGO.png\" class=\"attachment-full size-full wp-image-1837\" alt=\"Kimchi New Logo\" srcset=\"https:\/\/kimchidelight.com\/wp-content\/uploads\/2022\/07\/KIMCHI_NEW-LOGO.png 350w, https:\/\/kimchidelight.com\/wp-content\/uploads\/2022\/07\/KIMCHI_NEW-LOGO-300x273.png 300w\" sizes=\"(max-width: 350px) 100vw, 350px\" \/>\t\t\t\t\t\t\t\t\t\t\t\t\t\t\t<\/div>\n\t\t\t\t<\/div>\n\t\t\t\t<div class=\"elementor-element elementor-element-2be8e4be elementor-widget__width-auto elementor-widget elementor-widget-heading\" data-id=\"2be8e4be\" data-element_type=\"widget\" data-widget_type=\"heading.default\">\n\t\t\t\t<div class=\"elementor-widget-container\">\n\t\t\t\t\t<p class=\"elementor-heading-title elementor-size-default\">CUISINE D\u2019INSPIRATION COR\u00c9ENNE<\/p>\t\t\t\t<\/div>\n\t\t\t\t<\/div>\n\t\t\t\t\t<\/div>\n\t\t<\/div>\n\t\t\t\t\t<\/div>\n\t\t<\/section>\n\t\t\t\t<section class=\"has_eae_slider has_ae_slider elementor-section elementor-top-section elementor-element elementor-element-4aa7d88d elementor-section-full_width elementor-section-height-min-height elementor-section-items-stretch elementor-section-content-middle elementor-section-height-default ae-bg-gallery-type-default\" data-eae-slider=\"52025\" data-particle_enable=\"false\" data-particle-mobile-disabled=\"false\" data-id=\"4aa7d88d\" data-element_type=\"section\">\n\t\t\t\t\t\t<div class=\"elementor-container elementor-column-gap-no\">\n\t\t\t\t\t<div class=\"has_eae_slider has_ae_slider elementor-column elementor-col-50 elementor-top-column elementor-element elementor-element-1b8a948a ae-bg-gallery-type-default\" data-eae-slider=\"85800\" data-id=\"1b8a948a\" data-element_type=\"column\" data-settings=\"{&quot;background_background&quot;:&quot;classic&quot;}\">\n\t\t\t<div class=\"elementor-widget-wrap elementor-element-populated\">\n\t\t\t\t\t\t<div class=\"elementor-element elementor-element-561a3421 elementor-widget elementor-widget-heading\" data-id=\"561a3421\" data-element_type=\"widget\" data-widget_type=\"heading.default\">\n\t\t\t\t<div class=\"elementor-widget-container\">\n\t\t\t\t\t<h1 class=\"elementor-heading-title elementor-size-default\">Traditional Korean Food<\/h1>\t\t\t\t<\/div>\n\t\t\t\t<\/div>\n\t\t\t\t<div class=\"elementor-element elementor-element-069e33c elementor-widget elementor-widget-text-editor\" data-id=\"069e33c\" data-element_type=\"widget\" data-widget_type=\"text-editor.default\">\n\t\t\t\t<div class=\"elementor-widget-container\">\n\t\t\t\t\t\t\t\t\t<em>Pr\u00e9par\u00e9s \u00e0 votre go\u00fbt, au quotidien.<\/em>\t\t\t\t\t\t\t\t<\/div>\n\t\t\t\t<\/div>\n\t\t\t\t<div class=\"elementor-element elementor-element-6ddc01ee elementor-widget elementor-widget-heading\" data-id=\"6ddc01ee\" data-element_type=\"widget\" data-widget_type=\"heading.default\">\n\t\t\t\t<div class=\"elementor-widget-container\">\n\t\t\t\t\t<h2 class=\"elementor-heading-title elementor-size-default\">\u00c0 VENIR PROCHAINEMENT!<\/h2>\t\t\t\t<\/div>\n\t\t\t\t<\/div>\n\t\t\t\t\t<\/div>\n\t\t<\/div>\n\t\t\t\t<div class=\"has_eae_slider has_ae_slider elementor-column elementor-col-50 elementor-top-column elementor-element elementor-element-315a1f8e ae-bg-gallery-type-default\" data-eae-slider=\"83584\" data-id=\"315a1f8e\" data-element_type=\"column\" data-settings=\"{&quot;background_background&quot;:&quot;classic&quot;}\">\n\t\t\t<div class=\"elementor-widget-wrap elementor-element-populated\">\n\t\t\t\t\t\t<section class=\"has_eae_slider has_ae_slider elementor-section elementor-inner-section elementor-element elementor-element-6bbf42e4 elementor-section-full_width elementor-section-height-default elementor-section-height-default ae-bg-gallery-type-default\" data-eae-slider=\"4716\" data-particle_enable=\"false\" data-particle-mobile-disabled=\"false\" data-id=\"6bbf42e4\" data-element_type=\"section\" data-settings=\"{&quot;background_background&quot;:&quot;classic&quot;}\">\n\t\t\t\t\t\t<div class=\"elementor-container elementor-column-gap-no\">\n\t\t\t\t\t<div class=\"has_eae_slider has_ae_slider elementor-column elementor-col-100 elementor-inner-column elementor-element elementor-element-645d1c6c ae-bg-gallery-type-default\" data-eae-slider=\"49574\" data-id=\"645d1c6c\" data-element_type=\"column\" data-settings=\"{&quot;background_background&quot;:&quot;classic&quot;}\">\n\t\t\t<div class=\"elementor-widget-wrap elementor-element-populated\">\n\t\t\t\t\t\t<div class=\"elementor-element elementor-element-17c0fdb9 animated-slow elementor-invisible elementor-widget elementor-widget-heading\" data-id=\"17c0fdb9\" data-element_type=\"widget\" data-settings=\"{&quot;_animation&quot;:&quot;lightSpeedIn&quot;}\" data-widget_type=\"heading.default\">\n\t\t\t\t<div class=\"elementor-widget-container\">\n\t\t\t\t\t<span class=\"elementor-heading-title elementor-size-default\">NOTRE NOUVEAU SITE WEB ARRIVE BIENT\u00d4T<\/span>\t\t\t\t<\/div>\n\t\t\t\t<\/div>\n\t\t\t\t<div class=\"elementor-element elementor-element-57531bd5 animated-slow elementor-invisible elementor-widget elementor-widget-heading\" data-id=\"57531bd5\" data-element_type=\"widget\" data-settings=\"{&quot;_animation&quot;:&quot;fadeInLeft&quot;}\" data-widget_type=\"heading.default\">\n\t\t\t\t<div class=\"elementor-widget-container\">\n\t\t\t\t\t<span class=\"elementor-heading-title elementor-size-default\">NOTRE NOUVEAU SITE WEB ARRIVE BIENT\u00d4T<\/span>\t\t\t\t<\/div>\n\t\t\t\t<\/div>\n\t\t\t\t<div class=\"elementor-element elementor-element-65beab41 animated-slow elementor-invisible elementor-widget elementor-widget-heading\" data-id=\"65beab41\" data-element_type=\"widget\" data-settings=\"{&quot;_animation&quot;:&quot;lightSpeedIn&quot;}\" data-widget_type=\"heading.default\">\n\t\t\t\t<div class=\"elementor-widget-container\">\n\t\t\t\t\t<span class=\"elementor-heading-title elementor-size-default\">NOTRE NOUVEAU SITE WEB ARRIVE BIENT\u00d4T<\/span>\t\t\t\t<\/div>\n\t\t\t\t<\/div>\n\t\t\t\t<div class=\"elementor-element elementor-element-64927dfe animated-slow elementor-invisible elementor-widget elementor-widget-heading\" data-id=\"64927dfe\" data-element_type=\"widget\" data-settings=\"{&quot;_animation&quot;:&quot;fadeInLeft&quot;}\" data-widget_type=\"heading.default\">\n\t\t\t\t<div class=\"elementor-widget-container\">\n\t\t\t\t\t<span class=\"elementor-heading-title elementor-size-default\">NOTRE NOUVEAU SITE WEB ARRIVE BIENT\u00d4T<\/span>\t\t\t\t<\/div>\n\t\t\t\t<\/div>\n\t\t\t\t<div class=\"elementor-element elementor-element-3d1fa1e6 animated-slow elementor-invisible elementor-widget elementor-widget-heading\" data-id=\"3d1fa1e6\" data-element_type=\"widget\" data-settings=\"{&quot;_animation&quot;:&quot;lightSpeedIn&quot;}\" data-widget_type=\"heading.default\">\n\t\t\t\t<div class=\"elementor-widget-container\">\n\t\t\t\t\t<span class=\"elementor-heading-title elementor-size-default\">NOTRE NOUVEAU SITE WEB ARRIVE BIENT\u00d4T<\/span>\t\t\t\t<\/div>\n\t\t\t\t<\/div>\n\t\t\t\t\t<\/div>\n\t\t<\/div>\n\t\t\t\t\t<\/div>\n\t\t<\/section>\n\t\t\t\t\t<\/div>\n\t\t<\/div>\n\t\t\t\t\t<\/div>\n\t\t<\/section>\n\t\t\t\t<\/div>\n\t\t","protected":false},"excerpt":{"rendered":"","protected":false},"author":1,"featured_media":0,"parent":0,"menu_order":0,"comment_status":"closed","ping_status":"closed","template":"elementor_canvas","meta":{"_acf_changed":false,"footnotes":""},"class_list":["post-6418","page","type-page","status-publish","hentry"],"acf":[],"_links":{"self":[{"href":"https:\/\/kimchidelight.com\/fr\/wp-json\/wp\/v2\/pages\/6418","targetHints":{"allow":["GET"]}}],"collection":[{"href":"https:\/\/kimchidelight.com\/fr\/wp-json\/wp\/v2\/pages"}],"about":[{"href":"https:\/\/kimchidelight.com\/fr\/wp-json\/wp\/v2\/types\/page"}],"author":[{"embeddable":true,"href":"https:\/\/kimchidelight.com\/fr\/wp-json\/wp\/v2\/users\/1"}],"replies":[{"embeddable":true,"href":"https:\/\/kimchidelight.com\/fr\/wp-json\/wp\/v2\/comments?post=6418"}],"version-history":[{"count":0,"href":"https:\/\/kimchidelight.com\/fr\/wp-json\/wp\/v2\/pages\/6418\/revisions"}],"wp:attachment":[{"href":"https:\/\/kimchidelight.com\/fr\/wp-json\/wp\/v2\/media?parent=6418"}],"curies":[{"name":"wp","href":"https:\/\/api.w.org\/{rel}","templated":true}]}}