{"id":5049,"date":"2022-09-07T13:39:23","date_gmt":"2022-09-07T13:39:23","guid":{"rendered":"https:\/\/kimchidelight.com\/?page_id=5049"},"modified":"2023-03-07T14:43:34","modified_gmt":"2023-03-07T14:43:34","slug":"allergens","status":"publish","type":"page","link":"https:\/\/kimchidelight.com\/fr\/allergens\/","title":{"rendered":"ALLERGENS"},"content":{"rendered":"\t\t<div data-elementor-type=\"wp-page\" data-elementor-id=\"5049\" class=\"elementor elementor-5049 elementor-4515\" data-elementor-post-type=\"page\">\n\t\t\t\t\t\t<section class=\"has_eae_slider has_ae_slider elementor-section elementor-top-section elementor-element elementor-element-2b87edf0 elementor-section-full_width elementor-section-height-min-height elementor-section-height-default elementor-section-items-middle ae-bg-gallery-type-default\" data-eae-slider=\"62558\" data-particle_enable=\"false\" data-particle-mobile-disabled=\"false\" data-id=\"2b87edf0\" data-element_type=\"section\" data-e-type=\"section\" data-settings=\"{&quot;background_background&quot;:&quot;classic&quot;}\">\n\t\t\t\t\t\t<div class=\"elementor-container elementor-column-gap-default\">\n\t\t\t\t\t<div class=\"has_eae_slider has_ae_slider elementor-column elementor-col-100 elementor-top-column elementor-element elementor-element-6a7f1440 ae-bg-gallery-type-default\" data-eae-slider=\"42084\" data-id=\"6a7f1440\" data-element_type=\"column\" data-e-type=\"column\">\n\t\t\t<div class=\"elementor-widget-wrap elementor-element-populated\">\n\t\t\t\t\t\t<div class=\"elementor-element elementor-element-e4f5a1f elementor-widget elementor-widget-heading\" data-id=\"e4f5a1f\" data-element_type=\"widget\" data-e-type=\"widget\" data-widget_type=\"heading.default\">\n\t\t\t\t<div class=\"elementor-widget-container\">\n\t\t\t\t\t<h2 class=\"elementor-heading-title elementor-size-default\"><p style=\"margin-bottom:0in\"><span lang=\"FR-CA\">ALERTE AUX\nALLERG\u00c8NES<\/span><span style=\"color: var( --e-global-color-primary );font-size: 2rem;background-color: var( --e-global-color-eaffcc0 )\"><\/span><\/p><\/h2>\t\t\t\t<\/div>\n\t\t\t\t<\/div>\n\t\t\t\t<div class=\"elementor-element elementor-element-23916b75 elementor-widget elementor-widget-text-editor\" data-id=\"23916b75\" data-element_type=\"widget\" data-e-type=\"widget\" data-widget_type=\"text-editor.default\">\n\t\t\t\t<div class=\"elementor-widget-container\">\n\t\t\t\t\t\t\t\t\t<p>AVIS CONCERNANT LES ALLERG\u00c8NES<br \/>KimChi offre des produits qui contiennent du poisson, des crustac\u00e9s, des mollusques, des graines de s\u00e9same, du soya, du lait, des oeufs, des noix, du bl\u00e9 ou du triticale, des arachides, du gluten, des graines de moutarde et des sulfites. Nos produits peuvent aussi contenir des traces d\u2019allerg\u00e8nes issues d\u2019un fournisseur ou au moment de la pr\u00e9paration des produits en restaurant. Malgr\u00e9 le fait que nous prenions des pr\u00e9cautions pour minimiser le risque de contamination crois\u00e9e, nous ne pouvons garantir une absence totale d\u2019allerg\u00e8nes, ni que nos produits sont aptes \u00e0 \u00eatre consomm\u00e9s par des personnes qui souffrent d\u2019allergies. Nos employ\u00e9s ne sont pas des experts sur le plan des allerg\u00e8nes et vous ne pouvez pas vous fier sur eux pour vous informer de la pr\u00e9sence, ou non, d\u2019allerg\u00e8nes dans nos produits. Si vous croyez \u00eatre allergique \u00e0 un ingr\u00e9dient se trouvant dans l\u2019un de nos produits, veuillez consulter vote m\u00e9decin avant de consommer nos produits.<\/p>\t\t\t\t\t\t\t\t<\/div>\n\t\t\t\t<\/div>\n\t\t\t\t\t<\/div>\n\t\t<\/div>\n\t\t\t\t\t<\/div>\n\t\t<\/section>\n\t\t\t\t<\/div>\n\t\t","protected":false},"excerpt":{"rendered":"<p>ALERTE AUX ALLERG\u00c8NES AVIS CONCERNANT LES ALLERG\u00c8NESKimChi offre des produits qui contiennent du poisson, des crustac\u00e9s, des mollusques, des graines de s\u00e9same, du soya, du lait, des oeufs, des noix, du bl\u00e9 ou du triticale, des arachides, du gluten, des graines de moutarde et des sulfites. Nos produits peuvent aussi contenir des traces d\u2019allerg\u00e8nes issues [&hellip;]<\/p>\n","protected":false},"author":1,"featured_media":0,"parent":0,"menu_order":0,"comment_status":"closed","ping_status":"closed","template":"","meta":{"_acf_changed":false,"footnotes":""},"class_list":["post-5049","page","type-page","status-publish","hentry"],"acf":[],"_links":{"self":[{"href":"https:\/\/kimchidelight.com\/fr\/wp-json\/wp\/v2\/pages\/5049","targetHints":{"allow":["GET"]}}],"collection":[{"href":"https:\/\/kimchidelight.com\/fr\/wp-json\/wp\/v2\/pages"}],"about":[{"href":"https:\/\/kimchidelight.com\/fr\/wp-json\/wp\/v2\/types\/page"}],"author":[{"embeddable":true,"href":"https:\/\/kimchidelight.com\/fr\/wp-json\/wp\/v2\/users\/1"}],"replies":[{"embeddable":true,"href":"https:\/\/kimchidelight.com\/fr\/wp-json\/wp\/v2\/comments?post=5049"}],"version-history":[{"count":0,"href":"https:\/\/kimchidelight.com\/fr\/wp-json\/wp\/v2\/pages\/5049\/revisions"}],"wp:attachment":[{"href":"https:\/\/kimchidelight.com\/fr\/wp-json\/wp\/v2\/media?parent=5049"}],"curies":[{"name":"wp","href":"https:\/\/api.w.org\/{rel}","templated":true}]}}