{"id":243,"date":"2021-06-08T21:41:50","date_gmt":"2021-06-08T21:41:50","guid":{"rendered":"https:\/\/kimchidelight.com\/?page_id=243"},"modified":"2022-11-25T19:10:48","modified_gmt":"2022-11-25T19:10:48","slug":"about-us","status":"publish","type":"page","link":"https:\/\/kimchidelight.com\/fr\/about-us\/","title":{"rendered":"\u00c0 PROPOS DE NOUS"},"content":{"rendered":"\t\t<div data-elementor-type=\"wp-page\" data-elementor-id=\"243\" class=\"elementor elementor-243 elementor-115\" data-elementor-post-type=\"page\">\n\t\t\t\t\t\t<section class=\"has_eae_slider has_ae_slider elementor-section elementor-top-section elementor-element elementor-element-4713446e elementor-section-full_width elementor-section-height-min-height elementor-section-content-middle elementor-section-height-default elementor-section-items-middle ae-bg-gallery-type-default\" data-eae-slider=\"17860\" data-particle_enable=\"false\" data-particle-mobile-disabled=\"false\" data-id=\"4713446e\" data-element_type=\"section\" data-settings=\"{&quot;background_background&quot;:&quot;classic&quot;}\">\n\t\t\t\t\t\t<div class=\"elementor-container elementor-column-gap-default\">\n\t\t\t\t\t<div class=\"has_eae_slider has_ae_slider elementor-column elementor-col-100 elementor-top-column elementor-element elementor-element-7f17f662 ae-bg-gallery-type-default elementor-invisible\" data-eae-slider=\"78459\" data-id=\"7f17f662\" data-element_type=\"column\" data-settings=\"{&quot;animation&quot;:&quot;zoomIn&quot;}\">\n\t\t\t<div class=\"elementor-widget-wrap elementor-element-populated\">\n\t\t\t\t\t\t<section class=\"has_eae_slider has_ae_slider elementor-section elementor-inner-section elementor-element elementor-element-2bf664cf elementor-section-height-min-height elementor-section-content-middle elementor-section-boxed elementor-section-height-default ae-bg-gallery-type-default\" data-eae-slider=\"63459\" data-particle_enable=\"false\" data-particle-mobile-disabled=\"false\" data-id=\"2bf664cf\" data-element_type=\"section\">\n\t\t\t\t\t\t<div class=\"elementor-container elementor-column-gap-default\">\n\t\t\t\t\t<div class=\"has_eae_slider has_ae_slider elementor-column elementor-col-100 elementor-inner-column elementor-element elementor-element-7b234fc0 ae-bg-gallery-type-default\" data-eae-slider=\"48693\" data-id=\"7b234fc0\" data-element_type=\"column\" data-settings=\"{&quot;background_background&quot;:&quot;classic&quot;}\">\n\t\t\t<div class=\"elementor-widget-wrap elementor-element-populated\">\n\t\t\t\t\t\t<div class=\"elementor-element elementor-element-112217b5 elementor-widget elementor-widget-heading\" data-id=\"112217b5\" data-element_type=\"widget\" data-widget_type=\"heading.default\">\n\t\t\t\t<div class=\"elementor-widget-container\">\n\t\t\t\t\t<h1 class=\"elementor-heading-title elementor-size-default\">NOTRE HISTOIRE<\/h1>\t\t\t\t<\/div>\n\t\t\t\t<\/div>\n\t\t\t\t<div class=\"elementor-element elementor-element-3bfe768b elementor-widget elementor-widget-text-editor\" data-id=\"3bfe768b\" data-element_type=\"widget\" data-widget_type=\"text-editor.default\">\n\t\t\t\t<div class=\"elementor-widget-container\">\n\t\t\t\t\t\t\t\t\tKIMCHI est la destination de choix sp\u00e9cialis\u00e9e en cuisine cor\u00e9enne traditionnelle.\t\t\t\t\t\t\t\t<\/div>\n\t\t\t\t<\/div>\n\t\t\t\t<div class=\"elementor-element elementor-element-6da1d2d0 elementor-widget elementor-widget-text-editor\" data-id=\"6da1d2d0\" data-element_type=\"widget\" data-widget_type=\"text-editor.default\">\n\t\t\t\t<div class=\"elementor-widget-container\">\n\t\t\t\t\t\t\t\t\tQu\u2019il s\u2019agisse de nos c\u00e9l\u00e8bres viandes grill\u00e9es au barbecue, de nos d\u00e9licieuses soupes aux nouilles, en passant par nos savoureux dumplings et tous les favoris de nos clients, KIMCHI propose des plats sant\u00e9 et \u00e9quilibr\u00e9s qui r\u00e9galeront les amateurs de sucr\u00e9, de sal\u00e9 et d\u2019\u00e9pic\u00e9.\t\t\t\t\t\t\t\t<\/div>\n\t\t\t\t<\/div>\n\t\t\t\t<div class=\"elementor-element elementor-element-76d207ce elementor-widget__width-auto elementor-widget elementor-widget-text-editor\" data-id=\"76d207ce\" data-element_type=\"widget\" data-widget_type=\"text-editor.default\">\n\t\t\t\t<div class=\"elementor-widget-container\">\n\t\t\t\t\t\t\t\t\tNotre concept de cuisine \u00e0 aire ouverte permet aux clients de vivre pleinement l\u2019exp\u00e9rience culinaire que nos chefs leur proposent en cr\u00e9ant des plats cor\u00e9ens SUR DEMANDE, CHAQUE JOUR!\t\t\t\t\t\t\t\t<\/div>\n\t\t\t\t<\/div>\n\t\t\t\t\t<\/div>\n\t\t<\/div>\n\t\t\t\t\t<\/div>\n\t\t<\/section>\n\t\t\t\t\t<\/div>\n\t\t<\/div>\n\t\t\t\t\t<\/div>\n\t\t<\/section>\n\t\t\t\t<\/div>\n\t\t","protected":false},"excerpt":{"rendered":"<p>NOTRE HISTOIRE KIMCHI est la destination de choix sp\u00e9cialis\u00e9e en cuisine cor\u00e9enne traditionnelle.Qu\u2019il s\u2019agisse de nos c\u00e9l\u00e8bres viandes grill\u00e9es au barbecue, de nos d\u00e9licieuses soupes aux nouilles, en passant par nos savoureux dumplings et tous les favoris de nos clients, KIMCHI propose des plats sant\u00e9 et \u00e9quilibr\u00e9s qui r\u00e9galeront les amateurs de sucr\u00e9, de sal\u00e9 [&hellip;]<\/p>\n","protected":false},"author":1,"featured_media":0,"parent":0,"menu_order":0,"comment_status":"closed","ping_status":"closed","template":"","meta":{"_acf_changed":false,"footnotes":""},"class_list":["post-243","page","type-page","status-publish","hentry"],"acf":[],"_links":{"self":[{"href":"https:\/\/kimchidelight.com\/fr\/wp-json\/wp\/v2\/pages\/243","targetHints":{"allow":["GET"]}}],"collection":[{"href":"https:\/\/kimchidelight.com\/fr\/wp-json\/wp\/v2\/pages"}],"about":[{"href":"https:\/\/kimchidelight.com\/fr\/wp-json\/wp\/v2\/types\/page"}],"author":[{"embeddable":true,"href":"https:\/\/kimchidelight.com\/fr\/wp-json\/wp\/v2\/users\/1"}],"replies":[{"embeddable":true,"href":"https:\/\/kimchidelight.com\/fr\/wp-json\/wp\/v2\/comments?post=243"}],"version-history":[{"count":0,"href":"https:\/\/kimchidelight.com\/fr\/wp-json\/wp\/v2\/pages\/243\/revisions"}],"wp:attachment":[{"href":"https:\/\/kimchidelight.com\/fr\/wp-json\/wp\/v2\/media?parent=243"}],"curies":[{"name":"wp","href":"https:\/\/api.w.org\/{rel}","templated":true}]}}